{"id":170,"date":"2025-12-17T15:50:42","date_gmt":"2025-12-17T15:50:42","guid":{"rendered":"https:\/\/pizzayolonice.com\/?page_id=170"},"modified":"2025-12-19T11:20:09","modified_gmt":"2025-12-19T11:20:09","slug":"livraison","status":"publish","type":"page","link":"https:\/\/pizzayolonice.com\/index.php\/livraison\/","title":{"rendered":"Livraison"},"content":{"rendered":"\n<div class=\"wp-block-group alignfull superbthemes-navigation-004 has-global-padding is-layout-constrained wp-block-group-is-layout-constrained\" style=\"margin-top:0;margin-bottom:0\">\n<div class=\"wp-block-cover alignfull has-custom-content-position is-position-top-center\" style=\"margin-top:0;margin-bottom:0;padding-top:0;padding-right:0;padding-bottom:var(--wp--preset--spacing--superbspacing-xxlarge);padding-left:0;min-height:735px;aspect-ratio:unset;\"><img loading=\"lazy\" decoding=\"async\" width=\"576\" height=\"1024\" class=\"wp-block-cover__image-background wp-image-175 size-large\" alt=\"livraison pizza var\" src=\"https:\/\/pizzayolonice.com\/wp-content\/uploads\/2025\/12\/C1396B55-6556-4E4E-A969-102327F1F349-576x1024.jpg\" style=\"object-position:66% 49%\" data-object-fit=\"cover\" data-object-position=\"66% 49%\" srcset=\"https:\/\/pizzayolonice.com\/wp-content\/uploads\/2025\/12\/C1396B55-6556-4E4E-A969-102327F1F349-576x1024.jpg 576w, https:\/\/pizzayolonice.com\/wp-content\/uploads\/2025\/12\/C1396B55-6556-4E4E-A969-102327F1F349-169x300.jpg 169w, https:\/\/pizzayolonice.com\/wp-content\/uploads\/2025\/12\/C1396B55-6556-4E4E-A969-102327F1F349-768x1365.jpg 768w, https:\/\/pizzayolonice.com\/wp-content\/uploads\/2025\/12\/C1396B55-6556-4E4E-A969-102327F1F349-864x1536.jpg 864w, https:\/\/pizzayolonice.com\/wp-content\/uploads\/2025\/12\/C1396B55-6556-4E4E-A969-102327F1F349-1152x2048.jpg 1152w, https:\/\/pizzayolonice.com\/wp-content\/uploads\/2025\/12\/C1396B55-6556-4E4E-A969-102327F1F349.jpg 1206w\" sizes=\"auto, (max-width: 576px) 100vw, 576px\" \/><span aria-hidden=\"true\" class=\"wp-block-cover__background has-background-dim-20 has-background-dim\" style=\"background-color:#6b5847\"><\/span><div class=\"wp-block-cover__inner-container is-layout-flow wp-container-core-cover-is-layout-6383d5d8 wp-block-cover-is-layout-flow\">\n<div class=\"wp-block-group has-contrast-light-color has-text-color is-layout-flow wp-block-group-is-layout-flow\"><header class=\"aligncenter wp-block-template-part\">\n<div class=\"wp-block-group alignfull superbthemes-navigation-004 has-mono-3-color has-primary-background-color has-text-color has-background has-link-color wp-elements-4d076af88fa8711b99c66eb5999d9797 has-global-padding is-layout-constrained wp-container-core-group-is-layout-934c3ea8 wp-block-group-is-layout-constrained\" style=\"border-style:none;border-width:0px;padding-top:var(--wp--preset--spacing--superbspacing-xsmall);padding-right:var(--wp--preset--spacing--superbspacing-small);padding-bottom:var(--wp--preset--spacing--superbspacing-xsmall);padding-left:var(--wp--preset--spacing--superbspacing-small)\">\n<div class=\"wp-block-columns alignwide are-vertically-aligned-center is-not-stacked-on-mobile superbthemes-navigation-004-columns-wrapper is-layout-flex wp-container-core-columns-is-layout-e0e4babd wp-block-columns-is-layout-flex\" style=\"border-bottom-style:none;border-bottom-width:0px;padding-right:0;padding-left:0\">\n<div class=\"wp-block-column is-vertically-aligned-center superbthemes-navigation-004-columns-logo is-layout-flow wp-block-column-is-layout-flow\" style=\"flex-basis:25%\"><h6 style=\"font-style:normal;font-weight:600;\" class=\"wp-block-site-title has-superbfont-small-font-size\"><a href=\"https:\/\/pizzayolonice.com\" target=\"_self\" rel=\"home\">PIZZA YOLO<\/a><\/h6><\/div>\n\n\n\n<div class=\"wp-block-column is-vertically-aligned-center superbthemes-navigation-004-columns-nav is-layout-flow wp-block-column-is-layout-flow\" style=\"flex-basis:50%\"><nav class=\"has-superbfont-xsmall-font-size is-responsive items-justified-center wp-block-navigation is-content-justification-center is-layout-flex wp-container-core-navigation-is-layout-51cb38a2 wp-block-navigation-is-layout-flex\" aria-label=\"menu Ent\u00eate\" \n\t\t data-wp-interactive=\"core\/navigation\" data-wp-context='{\"overlayOpenedBy\":{\"click\":false,\"hover\":false,\"focus\":false},\"type\":\"overlay\",\"roleAttribute\":\"\",\"ariaLabel\":\"Menu\"}'><button aria-haspopup=\"dialog\" aria-label=\"Open menu\" class=\"wp-block-navigation__responsive-container-open\" \n\t\t\t\tdata-wp-on--click=\"actions.openMenuOnClick\"\n\t\t\t\tdata-wp-on--keydown=\"actions.handleMenuKeydown\"\n\t\t\t><svg width=\"24\" height=\"24\" xmlns=\"http:\/\/www.w3.org\/2000\/svg\" viewBox=\"0 0 24 24\" aria-hidden=\"true\" focusable=\"false\"><path d=\"M4 7.5h16v1.5H4z\"><\/path><path d=\"M4 15h16v1.5H4z\"><\/path><\/svg><\/button>\n\t\t\t\t<div class=\"wp-block-navigation__responsive-container\"  id=\"modal-1\" \n\t\t\t\tdata-wp-class--has-modal-open=\"state.isMenuOpen\"\n\t\t\t\tdata-wp-class--is-menu-open=\"state.isMenuOpen\"\n\t\t\t\tdata-wp-watch=\"callbacks.initMenu\"\n\t\t\t\tdata-wp-on--keydown=\"actions.handleMenuKeydown\"\n\t\t\t\tdata-wp-on--focusout=\"actions.handleMenuFocusout\"\n\t\t\t\ttabindex=\"-1\"\n\t\t\t>\n\t\t\t\t\t<div class=\"wp-block-navigation__responsive-close\" tabindex=\"-1\">\n\t\t\t\t\t\t<div class=\"wp-block-navigation__responsive-dialog\" \n\t\t\t\tdata-wp-bind--aria-modal=\"state.ariaModal\"\n\t\t\t\tdata-wp-bind--aria-label=\"state.ariaLabel\"\n\t\t\t\tdata-wp-bind--role=\"state.roleAttribute\"\n\t\t\t>\n\t\t\t\t\t\t\t<button aria-label=\"Close menu\" class=\"wp-block-navigation__responsive-container-close\" \n\t\t\t\tdata-wp-on--click=\"actions.closeMenuOnClick\"\n\t\t\t><svg xmlns=\"http:\/\/www.w3.org\/2000\/svg\" viewBox=\"0 0 24 24\" width=\"24\" height=\"24\" aria-hidden=\"true\" focusable=\"false\"><path d=\"m13.06 12 6.47-6.47-1.06-1.06L12 10.94 5.53 4.47 4.47 5.53 10.94 12l-6.47 6.47 1.06 1.06L12 13.06l6.47 6.47 1.06-1.06L13.06 12Z\"><\/path><\/svg><\/button>\n\t\t\t\t\t\t\t<div class=\"wp-block-navigation__responsive-container-content\" \n\t\t\t\tdata-wp-watch=\"callbacks.focusFirstElement\"\n\t\t\t id=\"modal-1-content\">\n\t\t\t\t\t\t\t\t<ul class=\"wp-block-navigation__container has-superbfont-xsmall-font-size is-responsive items-justified-center wp-block-navigation has-superbfont-xsmall-font-size\"><li class=\"has-superbfont-xsmall-font-size wp-block-navigation-item wp-block-navigation-link\"><a class=\"wp-block-navigation-item__content\"  href=\"http:\/\/pizzayolonice.com\/\"><span class=\"wp-block-navigation-item__label\">Accueil<\/span><\/a><\/li><li class=\"has-superbfont-xsmall-font-size wp-block-navigation-item wp-block-navigation-link\"><a class=\"wp-block-navigation-item__content\"  href=\"http:\/\/pizzayolonice.com\/index.php\/a-propos\/\"><span class=\"wp-block-navigation-item__label\">\u00c0 propos<\/span><\/a><\/li><li class=\"has-superbfont-xsmall-font-size wp-block-navigation-item wp-block-navigation-link\"><a class=\"wp-block-navigation-item__content\"  href=\"http:\/\/pizzayolonice.com\/index.php\/contact\/\"><span class=\"wp-block-navigation-item__label\">Contact<\/span><\/a><\/li><\/ul>\n\t\t\t\t\t\t\t<\/div>\n\t\t\t\t\t\t<\/div>\n\t\t\t\t\t<\/div>\n\t\t\t\t<\/div><\/nav><\/div>\n\n\n\n<div class=\"wp-block-column is-vertically-aligned-center superbthemes-navigation-004-columns-button is-layout-flow wp-block-column-is-layout-flow\" style=\"flex-basis:25%\"><\/div>\n<\/div>\n<\/div>\n<\/header><\/div>\n\n\n\n<div class=\"wp-block-group alignwide has-global-padding is-layout-constrained wp-container-core-group-is-layout-657d53b7 wp-block-group-is-layout-constrained\" style=\"padding-right:var(--wp--preset--spacing--superbspacing-small);padding-left:var(--wp--preset--spacing--superbspacing-small)\">\n<div class=\"wp-block-group alignwide has-global-padding is-layout-constrained wp-block-group-is-layout-constrained\">\n<div style=\"height:100px\" aria-hidden=\"true\" class=\"wp-block-spacer\"><\/div>\n\n\n\n<h1 class=\"wp-block-heading alignwide has-text-align-left has-contrast-light-color has-text-color has-shine-monday-font-family has-superbfont-xxlarge-font-size\" style=\"font-style:normal;font-weight:700\">Pizza Yolo s&#8217;invite chez vous<\/h1>\n\n\n\n<p class=\"has-text-align-left has-contrast-light-color has-text-color has-superbfont-small-font-size\">La livraison de pizza d\u00e9butera le 13 janvier 2026 ! Elle s&#8217;effectuera du lundi au jeudi.<\/p>\n<\/div>\n\n\n\n<div class=\"wp-block-buttons is-layout-flex wp-container-core-buttons-is-layout-69f3c5ca wp-block-buttons-is-layout-flex\">\n<div class=\"wp-block-button\"><a class=\"wp-block-button__link has-superbfont-small-font-size has-custom-font-size wp-element-button\" href=\"https:\/\/pizzayolonice.com\/wp-content\/uploads\/2025\/12\/flyer-pizza-livraison.pdf\" style=\"padding-top:var(--wp--preset--spacing--superbspacing-xsmall);padding-right:var(--wp--preset--spacing--superbspacing-xsmall);padding-bottom:var(--wp--preset--spacing--superbspacing-xsmall);padding-left:var(--wp--preset--spacing--superbspacing-xsmall)\" target=\"_blank\" rel=\"noreferrer noopener\">Voir la carte<\/a><\/div>\n\n\n\n<div class=\"wp-block-button\"><a class=\"wp-block-button__link has-superbfont-small-font-size has-custom-font-size wp-element-button\" href=\"https:\/\/pizzayolonice.com\/index.php\/contact\/\" style=\"padding-top:var(--wp--preset--spacing--superbspacing-xsmall);padding-right:var(--wp--preset--spacing--superbspacing-xsmall);padding-bottom:var(--wp--preset--spacing--superbspacing-xsmall);padding-left:var(--wp--preset--spacing--superbspacing-xsmall)\" target=\"_blank\" rel=\"noreferrer noopener\">Nous contacter<\/a><\/div>\n<\/div>\n<\/div>\n<\/div><\/div>\n<\/div>\n\n\n\n<div class=\"wp-block-group alignfull has-global-padding is-layout-constrained wp-container-core-group-is-layout-931e5abc wp-block-group-is-layout-constrained\" style=\"margin-top:0;margin-bottom:0;padding-top:0;padding-right:0;padding-bottom:0;padding-left:0\">\n<div class=\"wp-block-columns alignwide is-layout-flex wp-container-core-columns-is-layout-cf131db2 wp-block-columns-is-layout-flex\" style=\"padding-top:var(--wp--preset--spacing--superbspacing-small);padding-bottom:var(--wp--preset--spacing--superbspacing-small)\">\n<div class=\"wp-block-column is-layout-flow wp-block-column-is-layout-flow\" style=\"flex-basis:50%\">\n<h2 class=\"wp-block-heading has-text-align-left has-contrast-color has-text-color has-superbfont-xlarge-font-size\">Comment se passera la livraison ?<\/h2>\n<\/div>\n\n\n\n<div class=\"wp-block-column has-global-padding is-layout-constrained wp-block-column-is-layout-constrained\">\n<div class=\"wp-block-group has-global-padding is-layout-constrained wp-container-core-group-is-layout-85cc789f wp-block-group-is-layout-constrained\">\n<div class=\"wp-block-group is-nowrap is-layout-flex wp-container-core-group-is-layout-b098208d wp-block-group-is-layout-flex\">\n<h2 class=\"wp-block-heading has-text-align-center has-contrast-color has-text-color has-superbfont-medium-font-size\">3 zones desservies<\/h2>\n<\/div>\n\n\n\n<div class=\"wp-block-group has-global-padding is-layout-constrained wp-container-core-group-is-layout-685a0924 wp-block-group-is-layout-constrained\" style=\"border-left-color:var(--wp--preset--color--primary);border-left-width:4px;padding-left:var(--wp--preset--spacing--superbspacing-xxsmall)\">\n<p class=\"has-text-align-left has-secondary-color has-text-color has-superbfont-small-font-size\">La livraison fonctionnera par zones afin de faciliter et fluidifier le flux de commandes.<\/p>\n<\/div>\n<\/div>\n<\/div>\n<\/div>\n\n\n\n<div class=\"wp-block-columns alignwide is-layout-flex wp-container-core-columns-is-layout-f9d87e41 wp-block-columns-is-layout-flex\">\n<div class=\"wp-block-column is-vertically-aligned-top is-layout-flow wp-container-core-column-is-layout-db2cb278 wp-block-column-is-layout-flow\">\n<figure class=\"wp-block-image aligncenter size-full has-custom-border\"><img loading=\"lazy\" decoding=\"async\" width=\"682\" height=\"798\" src=\"https:\/\/pizzayolonice.com\/wp-content\/uploads\/2025\/12\/saint-Martin-du-var-pizza.png\" alt=\"saint Martin du var pizza\" class=\"wp-image-179\" style=\"border-radius:8px;object-fit:cover\" srcset=\"https:\/\/pizzayolonice.com\/wp-content\/uploads\/2025\/12\/saint-Martin-du-var-pizza.png 682w, https:\/\/pizzayolonice.com\/wp-content\/uploads\/2025\/12\/saint-Martin-du-var-pizza-256x300.png 256w\" sizes=\"auto, (max-width: 682px) 100vw, 682px\" \/><\/figure>\n\n\n\n<div class=\"wp-block-group has-global-padding is-layout-constrained wp-container-core-group-is-layout-d598ad9d wp-block-group-is-layout-constrained\">\n<h3 class=\"wp-block-heading has-text-align-left has-contrast-color has-text-color has-alegreya-font-family has-superbfont-medium-font-size\">Zone 1<\/h3>\n\n\n\n<p class=\"has-text-align-left has-secondary-color has-text-color has-superbfont-xsmall-font-size\">Nous livrerons \u00e0 domicile \u00e0 Saint-Martin-du-Var \/ Les Condamines. Les commandes seront accept\u00e9es jusqu&#8217;\u00e0 20h45.<\/p>\n<\/div>\n<\/div>\n\n\n\n<div class=\"wp-block-column is-vertically-aligned-top is-layout-flow wp-container-core-column-is-layout-db2cb278 wp-block-column-is-layout-flow\">\n<figure class=\"wp-block-image size-full has-custom-border\"><img loading=\"lazy\" decoding=\"async\" width=\"682\" height=\"798\" src=\"https:\/\/pizzayolonice.com\/wp-content\/uploads\/2025\/12\/plan-du-var-pizza.png\" alt=\"plan du var pizza\" class=\"wp-image-178\" style=\"border-radius:8px;object-fit:cover\" srcset=\"https:\/\/pizzayolonice.com\/wp-content\/uploads\/2025\/12\/plan-du-var-pizza.png 682w, https:\/\/pizzayolonice.com\/wp-content\/uploads\/2025\/12\/plan-du-var-pizza-256x300.png 256w\" sizes=\"auto, (max-width: 682px) 100vw, 682px\" \/><\/figure>\n\n\n\n<div class=\"wp-block-group has-global-padding is-layout-constrained wp-container-core-group-is-layout-d598ad9d wp-block-group-is-layout-constrained\">\n<h3 class=\"wp-block-heading has-text-align-left has-contrast-color has-text-color has-alegreya-font-family has-superbfont-medium-font-size\">Zone 2<\/h3>\n\n\n\n<p class=\"has-text-align-left has-secondary-color has-text-color has-superbfont-xsmall-font-size\">Nous livrerons Baus Roux \/ Plan du Var. Pour le village La Roquette, nous vous donnerons rendez-vous \u00e0 l\u2019entr\u00e9e du village. Les commandes seront accept\u00e9es jusqu&#8217;\u00e0 20h45 pour une livraison autour de 21h.<\/p>\n<\/div>\n<\/div>\n\n\n\n<div class=\"wp-block-column is-vertically-aligned-top is-layout-flow wp-container-core-column-is-layout-db2cb278 wp-block-column-is-layout-flow\">\n<figure class=\"wp-block-image aligncenter size-full has-custom-border\"><img loading=\"lazy\" decoding=\"async\" width=\"682\" height=\"798\" src=\"https:\/\/pizzayolonice.com\/wp-content\/uploads\/2025\/12\/gillette-pizza.png\" alt=\"gilette pizza\" class=\"wp-image-177\" style=\"border-radius:8px;object-fit:cover\" srcset=\"https:\/\/pizzayolonice.com\/wp-content\/uploads\/2025\/12\/gillette-pizza.png 682w, https:\/\/pizzayolonice.com\/wp-content\/uploads\/2025\/12\/gillette-pizza-256x300.png 256w\" sizes=\"auto, (max-width: 682px) 100vw, 682px\" \/><\/figure>\n\n\n\n<div class=\"wp-block-group has-global-padding is-layout-constrained wp-container-core-group-is-layout-d598ad9d wp-block-group-is-layout-constrained\">\n<h3 class=\"wp-block-heading has-text-align-left has-contrast-color has-text-color has-alegreya-font-family has-superbfont-medium-font-size\">Zone 3<\/h3>\n\n\n\n<p class=\"has-text-align-left has-secondary-color has-text-color has-superbfont-xsmall-font-size\">Pour toutes les personnes int\u00e9ress\u00e9es de la vall\u00e9e de l\u2019Esteront (Bonson \/ Gilette&#8230;), la livraison se fera \u00e0 21h30 au point de rendez-vous.<\/p>\n<\/div>\n<\/div>\n<\/div>\n\n\n\n<div style=\"height:19px\" aria-hidden=\"true\" class=\"wp-block-spacer\"><\/div>\n<\/div>\n\n\n\n<div class=\"wp-block-group alignfull has-base-background-color has-background has-global-padding is-layout-constrained wp-container-core-group-is-layout-8e9096b7 wp-block-group-is-layout-constrained\" style=\"margin-top:0;margin-bottom:0;padding-top:var(--wp--preset--spacing--superbspacing-xxlarge);padding-right:var(--wp--preset--spacing--superbspacing-small);padding-bottom:var(--wp--preset--spacing--superbspacing-xxlarge);padding-left:var(--wp--preset--spacing--superbspacing-small)\">\n<div class=\"wp-block-columns alignwide is-layout-flex wp-container-core-columns-is-layout-25593187 wp-block-columns-is-layout-flex\">\n<div class=\"wp-block-column is-vertically-aligned-center is-layout-flow wp-container-core-column-is-layout-8a368f38 wp-block-column-is-layout-flow\">\n<div class=\"wp-block-group has-primary-background-color has-background has-global-padding is-content-justification-left is-layout-constrained wp-container-core-group-is-layout-bcc04a8e wp-block-group-is-layout-constrained\" style=\"border-radius:8px;padding-top:var(--wp--preset--spacing--superbspacing-medium);padding-right:var(--wp--preset--spacing--superbspacing-medium);padding-bottom:var(--wp--preset--spacing--superbspacing-medium);padding-left:var(--wp--preset--spacing--superbspacing-medium)\">\n<div class=\"wp-block-group has-global-padding is-layout-constrained wp-container-core-group-is-layout-d598ad9d wp-block-group-is-layout-constrained\">\n<h3 class=\"wp-block-heading has-text-align-left has-contrast-light-color has-text-color has-alegreya-font-family has-superbfont-medium-font-size\">Voir la carte livraison<\/h3>\n\n\n\n<p class=\"has-text-align-left has-contrast-light-color has-text-color has-superbfont-xsmall-font-size\">Notre carte livraison est diff\u00e9rente de la carte des pizza et plats que nous proposons sur place.<\/p>\n<\/div>\n\n\n\n<div class=\"wp-block-buttons is-layout-flex wp-block-buttons-is-layout-flex\">\n<div class=\"wp-block-button is-style-outline is-style-outline--2\"><a class=\"wp-block-button__link has-mono-3-color has-text-color has-link-color wp-element-button\" href=\"https:\/\/pizzayolonice.com\/wp-content\/uploads\/2025\/12\/flyer-pizza-livraison.pdf\" target=\"_blank\" rel=\"noreferrer noopener\">Voir la carte<\/a><\/div>\n<\/div>\n<\/div>\n<\/div>\n\n\n\n<div class=\"wp-block-column is-vertically-aligned-center is-layout-flow wp-container-core-column-is-layout-e38e6d2d wp-block-column-is-layout-flow\">\n<div class=\"wp-block-group has-mono-4-background-color has-background has-global-padding is-content-justification-left is-layout-constrained wp-container-core-group-is-layout-bcc04a8e wp-block-group-is-layout-constrained\" style=\"border-radius:8px;padding-top:var(--wp--preset--spacing--superbspacing-medium);padding-right:var(--wp--preset--spacing--superbspacing-medium);padding-bottom:var(--wp--preset--spacing--superbspacing-medium);padding-left:var(--wp--preset--spacing--superbspacing-medium)\">\n<div class=\"wp-block-group has-global-padding is-layout-constrained wp-container-core-group-is-layout-d598ad9d wp-block-group-is-layout-constrained\">\n<h3 class=\"wp-block-heading has-text-align-left has-contrast-color has-text-color has-alegreya-font-family has-superbfont-medium-font-size\">Rejoindre la team Yolo<\/h3>\n\n\n\n<p class=\"has-text-align-left has-secondary-color has-text-color has-superbfont-xsmall-font-size\">Suis nos aventures sur Instagram, Facebook et TikTok !<\/p>\n\n\n\n<p><\/p>\n<\/div>\n\n\n\n<div class=\"wp-block-buttons is-layout-flex wp-block-buttons-is-layout-flex\">\n<div class=\"wp-block-button\"><a class=\"wp-block-button__link wp-element-button\" href=\"https:\/\/linktr.ee\/pizza_yolo\" target=\"_blank\" rel=\"noreferrer noopener\">Voir les r\u00e9seaux Yolo<\/a><\/div>\n<\/div>\n<\/div>\n<\/div>\n<\/div>\n<\/div>\n\n\n\n<div style=\"height:33px\" aria-hidden=\"true\" class=\"wp-block-spacer\"><\/div>\n\n\n\n<p><\/p>\n","protected":false},"excerpt":{"rendered":"<p>Comment se passera la livraison ? 3 zones desservies La livraison fonctionnera par zones afin de faciliter et fluidifier le flux de commandes. Zone 1 Nous livrerons \u00e0 domicile \u00e0 Saint-Martin-du-Var \/ Les Condamines. Les commandes seront accept\u00e9es jusqu&#8217;\u00e0 20h45. Zone 2 Nous livrerons Baus Roux \/ Plan du Var. Pour le village La Roquette, [&hellip;]<\/p>\n","protected":false},"author":1,"featured_media":175,"parent":0,"menu_order":0,"comment_status":"closed","ping_status":"closed","template":"blank","meta":{"footnotes":""},"class_list":["post-170","page","type-page","status-publish","has-post-thumbnail","hentry"],"_links":{"self":[{"href":"https:\/\/pizzayolonice.com\/index.php\/wp-json\/wp\/v2\/pages\/170","targetHints":{"allow":["GET"]}}],"collection":[{"href":"https:\/\/pizzayolonice.com\/index.php\/wp-json\/wp\/v2\/pages"}],"about":[{"href":"https:\/\/pizzayolonice.com\/index.php\/wp-json\/wp\/v2\/types\/page"}],"author":[{"embeddable":true,"href":"https:\/\/pizzayolonice.com\/index.php\/wp-json\/wp\/v2\/users\/1"}],"replies":[{"embeddable":true,"href":"https:\/\/pizzayolonice.com\/index.php\/wp-json\/wp\/v2\/comments?post=170"}],"version-history":[{"count":22,"href":"https:\/\/pizzayolonice.com\/index.php\/wp-json\/wp\/v2\/pages\/170\/revisions"}],"predecessor-version":[{"id":201,"href":"https:\/\/pizzayolonice.com\/index.php\/wp-json\/wp\/v2\/pages\/170\/revisions\/201"}],"wp:featuredmedia":[{"embeddable":true,"href":"https:\/\/pizzayolonice.com\/index.php\/wp-json\/wp\/v2\/media\/175"}],"wp:attachment":[{"href":"https:\/\/pizzayolonice.com\/index.php\/wp-json\/wp\/v2\/media?parent=170"}],"curies":[{"name":"wp","href":"https:\/\/api.w.org\/{rel}","templated":true}]}}